{"id":1064,"date":"2018-09-19T11:26:32","date_gmt":"2018-09-19T02:26:32","guid":{"rendered":"http:\/\/kami-waza.co.jp\/?page_id=1064"},"modified":"2024-10-01T15:44:40","modified_gmt":"2024-10-01T06:44:40","slug":"%e8%a9%a6%e7%94%a8%e7%89%88%e3%83%80%e3%82%a6%e3%83%b3%e3%83%ad%e3%83%bc%e3%83%89","status":"publish","type":"page","link":"http:\/\/kami-waza.co.jp\/?page_id=1064","title":{"rendered":"\u30c0\u30a6\u30f3\u30ed\u30fc\u30c9"},"content":{"rendered":"<p><img loading=\"lazy\" decoding=\"async\" src=\"http:\/\/kami-waza.co.jp\/wordpress\/wp-content\/uploads\/2023\/06\/\u30c8\u30c3\u30d7\u30d0\u30ca\u30fc\uff14\uff08\u65b0\uff09.jpg\" alt=\"\" width=\"760\" height=\"164\" class=\"alignleft size-full wp-image-3146\" srcset=\"http:\/\/kami-waza.co.jp\/wordpress\/wp-content\/uploads\/2023\/06\/\u30c8\u30c3\u30d7\u30d0\u30ca\u30fc\uff14\uff08\u65b0\uff09.jpg 760w, http:\/\/kami-waza.co.jp\/wordpress\/wp-content\/uploads\/2023\/06\/\u30c8\u30c3\u30d7\u30d0\u30ca\u30fc\uff14\uff08\u65b0\uff09-300x65.jpg 300w\" sizes=\"(max-width: 760px) 100vw, 760px\" \/><\/p>\n<h3>kami\u6280\u306e\u30c0\u30a6\u30f3\u30ed\u30fc\u30c9\u306b\u3064\u3044\u3066<\/h3>\n<p>Kami\u6280\u8a66\u7528\u7248\u306e\u30c0\u30a6\u30f3\u30ed\u30fc\u30c9\u304c\u53ef\u80fd\u3067\u3059\u306e\u3067\u662f\u975e\u304a\u8a66\u3057\u304f\u3060\u3055\u3044\u3002<br \/>\n\u3053\u3053\u3067\u306f\u30af\u30e9\u30a4\u30a2\u30f3\u30c8\u30fb\u30b5\u30fc\u30d0\u30fc\u7248\uff08\u30cd\u30c3\u30c8\u30ef\u30fc\u30af\u74b0\u5883\u3067\u52d5\u4f5c\uff09\u3068\u30b9\u30bf\u30f3\u30c9\u30a2\u30ed\u30f3\u7248\uff08\u5358\u4f53\u3067\u52d5\u4f5c\uff09\u306e\u8aac\u660e\u3068\u3001\u53e4\u3044\u30d1\u30bd\u30b3\u30f3\u3067\u306e\u52d5\u4f5c\u74b0\u5883\u306b\u95a2\u3059\u308b\u60c5\u5831\u3092\u4f75\u305b\u3066\u8f09\u305b\u3066\u3044\u307e\u3059\u3002<\/p>\n<h3>\u3069\u306e\u88fd\u54c1\u304c\u304a\u52e7\u3081\u3067\u3059\u304b\uff1f<\/h3>\n<p>\u30af\u30e9\u30a4\u30a2\u30f3\u30c8\u30fb\u30b5\u30fc\u30d0\u30fc\u7248\u304c\u304a\u52e7\u3081\u3067\u3059\u3002<\/p>\n<p><span class=\"black b\"><span class=\"f12em\">\uff11\uff09\u901a\u5e38\u306e\u5834\u5408<\/span><\/span><br \/>\n\u30cd\u30c3\u30c8\u30ef\u30fc\u30af\u4e0a\u306e\u672c\u68da\u3092\u8907\u6570\u306e\u30af\u30e9\u30a4\u30a2\u30f3\u30c8\u30d1\u30bd\u30b3\u30f3\u304b\u3089\u5229\u7528\u3059\u308b\u3053\u3068\u304c\u3067\u304d\u307e\u3059\u3002\u4e00\u4eba\u4e00\u4eba\u306b\u4f7f\u7528\u3059\u308b\u672c\u68da\u306e\u30a2\u30af\u30bb\u30b9\u6a29\u9650\u3092\u8a2d\u5b9a\u3059\u308b\u3068\u30b7\u30f3\u30d7\u30eb\u3067\u4f7f\u3044\u306f\u6613\u3044\u3082\u306e\u306b\u306a\u308a\u307e\u3059\u3002<\/p>\n<p><span class=\"black b\"><span class=\"f12em\">\uff12\uff09\u8907\u6570\u306e\u90e8\u7f72\u3067\u5171\u6709\u3059\u308b\u5834\u5408<\/span><\/span><br \/>\n\u672c\u68da\u3092\u3044\u304f\u3064\u304b\u306e\u90e8\u7f72\u3067\u5171\u6709\u3059\u308b\u5834\u5408\u306b\u306f\u3001\u90e8\u7f72\u6bce\u306b\u672c\u68da\u3092\u5206\u3051\u3066\u306b\u30a2\u30af\u30bb\u30b9\u6a29\u9650\u3067\u5207\u308a\u5206\u3051\u3066\u4e0b\u3055\u3044\u3002<\/p>\n<p><span class=\"black b\"><span class=\"f12em\">\uff13\uff09\u90e8\u7f72\u306e\u898f\u6a21\u304c\u5927\u304d\u3044\u5834\u5408<\/span><\/span><br \/>\n\u90e8\u7f72\u306e\u898f\u6a21\u304c\u5927\u304d\u304f\u30c8\u30e9\u30d5\u30a3\u30c3\u30af\u304c\u767a\u751f\u3059\u308b\u5834\u5408\u306b\u306f\u3001\u90e8\u7f72\u6bce\u306b\u30b5\u30fc\u30d0\u30fc\u3092\u8a2d\u7f6e\u3057\u3066\u4e0b\u3055\u3044\u3002\u30b5\u30fc\u30d0\u30fc\u306e\u5207\u308a\u66ff\u3048\u306f\u8d77\u52d5\u6642\u306b\u6307\u5b9a\u3057\u3066\u884c\u3044\u307e\u3059\u3002<\/p>\n<p><span class=\"black b\"><span class=\"f12em\">\uff14\uff09\u51fa\u5148\u3067\u4f7f\u3046\u5834\u5408<\/span><\/span><br \/>\n\u30bb\u30c3\u30c8\u30a2\u30c3\u30d7\u6642\u306b\u30b5\u30fc\u30d0\u30fc\u3068\u30af\u30e9\u30a4\u30a2\u30f3\u30c8\u6a5f\u80fd\u306e\u4e21\u65b9\u3092\u30a4\u30f3\u30b9\u30c8\u30fc\u30eb\u3057\u307e\u3059\u3002\u3053\u308c\u306b\u3088\u308a\u30b9\u30bf\u30f3\u30c9\u30a2\u30ed\u30f3\u7248\u306e\u3088\u3046\u306b\u5358\u4f53\u3067\u52d5\u4f5c\u3057\u305f\u308a\u3001\u51fa\u5148\u3067\u30af\u30e9\u30a4\u30a2\u30f3\u30c8\u306b\u306a\u3063\u305f\u308a\u30b5\u30fc\u30d0\u30fc\u306b\u306a\u3063\u305f\u308a\u3057\u307e\u3059\u3002<\/p>\n<h3>Microsoft SQL Server\u306b\u3064\u3044\u3066<\/h3>\n<p>Kami\u6280\u306b\u306f\u6a19\u8a18\u30c7\u30fc\u30bf\u30d9\u30fc\u30b9\u304c\u5fc5\u8981\u3067\u3059\u3002\u4ed6\u30bd\u30d5\u30c8\u3067\u4f7f\u7528\u3057\u3066\u3044\u308b\u53ef\u80fd\u6027\u304c\u3042\u308b\u5834\u5408\u306f\u4e88\u3081\u78ba\u8a8d\u304f\u3060\u3055\u3044\u3002<\/p>\n<p>\u203b\u8abf\u3079\u65b9\u3000\u30a4\u30f3\u30b9\u30c8\u30fc\u30eb\u6e08\u307f\u306e\u5834\u5408\u306f\u30b9\u30bf\u30fc\u30c8\u30e1\u30cb\u30e5\u30fc\u3067 Microsoft SQL Server \u00d7\u00d7\u00d7\u00d7\u3000\u3068\u8868\u793a\u3057\u307e\u3059\u3002<br \/>\n\u203b\u4ed6\u30bd\u30d5\u30c8\u304cSQL Server \u3092\u4f7f\u7528\u3057\u3066\u3044\u308b\u5834\u5408\u306f\u540c\u5c45\u306e\u8a2d\u5b9a\u304c\u5fc5\u8981\u306b\u306a\u308a\u307e\u3059\u3002<br \/>\n\u203b\u300c\u571f\u6728\u30bd\u30d5\u30c8\u5e02\u5834\u30a2\u30d7\u30ea\u300d\u300c\u571f\u6728\u6280\u30b7\u30ea\u30fc\u30ba\u30a2\u30d7\u30ea\u300d\u3068\u3044\u3063\u305f\u5f0a\u793e\u30bd\u30d5\u30c8\u304c\u5165\u3063\u3066\u3044\u308b\u30d1\u30bd\u30b3\u30f3\u306b\u306f\u30a4\u30f3\u30b9\u30c8\u30fc\u30eb\u3067\u304d\u307e\u305b\u3093\u3002<\/p>\n<h3>SQL Server \u304c\u5fc5\u8981\u306a\u30d1\u30bd\u30b3\u30f3<\/h3>\n<p>SQL Server\u3092\u30a4\u30f3\u30b9\u30c8\u30fc\u30eb\u3059\u308b\u5fc5\u8981\u304c\u3042\u308b\u306e\u306f\u30b5\u30fc\u30d0\u30fc\u30d1\u30bd\u30b3\u30f3\u306e\u307f\u3067\u3059\u3002\u4f46\u3057\u3001\u672c\u306e\u6301\u3061\u51fa\u3057\u3092\u3059\u308b\u5834\u5408\u306b\u306f\u30af\u30e9\u30a4\u30a2\u30f3\u30c8\u30d1\u30bd\u30b3\u30f3\u3082\u5fc5\u8981\u306b\u306a\u308a\u307e\u3059\u3002<\/p>\n<table>\n<tbody>\n<tr>\n<td style=\"text-align: center;\">\u30b5\u30fc\u30d0\u30fcPC<\/td>\n<td style=\"text-align: center;\">\u30af\u30e9\u30a4\u30a2\u30f3\u30c8PC<\/td>\n<td style=\"text-align: center;\">\u30af\u30e9\u30a4\u30a2\u30f3\u30c8PC\u3067<br \/>\n\u672c\u3092\u6301\u51fa\u3057\u3059\u308b\u5834\u5408<\/td>\n<\/tr>\n<tr>\n<td style=\"text-align: center;\">\u25cb \u5fc5\u8981<\/td>\n<td style=\"text-align: center;\">&#8211; \u4e0d\u8981<\/td>\n<td style=\"text-align: center;\">\u25cb \u5fc5\u8981<\/td>\n<\/tr>\n<\/tbody>\n<\/table>\n<p>&lt;\/&amp;nbsp&gt;<br \/>\n&lt;\/&amp;nbsp&gt;<\/p>\n<h3>\u30b5\u30dd\u30fc\u30c8\u3092\u7d42\u4e86\u3057\u305f XP\u3001Vista\u3001\uff17\u306b\u30a4\u30f3\u30b9\u30c8\u30fc\u30eb\u3059\u308b\u65b9\u6cd5<\/h3>\n<p>Kami\u6280 \u306e\u30bb\u30c3\u30c8\u30a2\u30c3\u30d7\u30d5\u30a1\u30a4\u30eb\u306b\u306fMicrosoft SQL Server \u304c\u4ed8\u5c5e\u3057\u3066\u3044\u307e\u3059\u3002\u305f\u3060\u3001\u305d\u306e\u30c7\u30fc\u30bf\u30d9\u30fc\u30b9\u3067\u306f Microsoft\u793e \u306e\u30b5\u30dd\u30fc\u30c8\u3092\u7d42\u4e86\u3057\u305fWindosXp\u3001Vista\u30017 \u3067\u306f\u52d5\u4f5c\u3044\u305f\u3057\u307e\u305b\u3093\u3002<br \/>\n\u30b5\u30dd\u30fc\u30c8\u3092\u7d42\u4e86\u3057\u305f\u30d1\u30bd\u30b3\u30f3\u3092\u518d\u6d3b\u7528\u3057\u305f\u3044\u5834\u5408\u306b\u306f\u3001\u4ee5\u4e0b\u3088\u308a\u30d1\u30bd\u30b3\u30f3\u306b\u5bfe\u5fdc\u3057\u305f\u53e4\u3044SQL Server \u3092\u30c0\u30a6\u30f3\u30ed\u30fc\u30c9\u3057\u3066\u30a4\u30f3\u30b9\u30c8\u30fc\u30eb\u3057\u305f\u5f8c\u3001\u30bb\u30c3\u30c8\u30a2\u30c3\u30d7\u30d5\u30a1\u30a4\u30eb\u306b\u4ed8\u5c5e\u3057\u3066\u3044\u308b\u30c7\u30fc\u30bf\u30d9\u30fc\u30b9\u3092\u30a4\u30f3\u30b9\u30c8\u30fc\u30eb\u305b\u305a\u306b\u3001Kami\u6280 \u3060\u3051\u3092\u30a4\u30f3\u30b9\u30c8\u30fc\u30eb\u3057\u3066\u304f\u3060\u3055\u3044\u3002<\/p>\n<div class=\"al-c\"><a href=\"http:\/\/west-field.jp\/download\/dw_ccrc_etc\/dw_ccrc_sql_server\/\" rel=\"noopener\" target=\"_blank\">\u53e4\u3044 Microsoft SQL Server \u30c0\u30a6\u30f3\u30ed\u30fc\u30c9<\/a><\/div>\n<h3>\u30bb\u30c3\u30c8\u30a2\u30c3\u30d7\u30d5\u30a1\u30a4\u30eb\u30c0\u30a6\u30f3\u30ed\u30fc\u30c9<\/h3>\n<p>\u4ee5\u4e0b\u306e\u3088\u308aKami\u6280\u306e\u30bb\u30c3\u30c8\u30a2\u30c3\u30d7\u30d5\u30a1\u30a4\u30eb\u3092\u30c0\u30a6\u30f3\u30ed\u30fc\u30c9\u3059\u308b\u3053\u3068\u304c\u3067\u304d\u307e\u3059\u3002\u4e8c\u7a2e\u985e\u3042\u308a\u307e\u3059\u306e\u3067\u7528\u9014\u306b\u5408\u308f\u305b\u3066\u5165\u624b\u304f\u3060\u3055\u3044\u3002<br \/>\n\u3044\u305a\u308c\u3082\u3000Microsoft SQL Server \u8fbc\u307f\u306e\u5727\u7e2e\u30d5\u30a1\u30a4\u30eb(StandAlone.zip)\u306e\u305f\u3081 700MB\u3068\u5927\u5bb9\u91cf\u3067\u3059\u3002<\/p>\n<p><span class=\"black b\"><span class=\"f12em\">\u30af\u30e9\u30a4\u30a2\u30f3\u30c8\u30fb\u30b5\u30fc\u30d0\u30fc\u7248<\/span><\/span><\/p>\n<div class=\"arealink2\">\n<div class=\"al-c\">\u30bb\u30c3\u30c8\u30a2\u30c3\u30d7\u30d5\u30a1\u30a4\u30eb\u30fb\u30c0\u30a6\u30f3\u30ed\u30fc\u30c9<\/div>\n<\/div>\n<p><span class=\"black b\"><span class=\"f12em\">\u30b9\u30bf\u30f3\u30c9\u30a2\u30ed\u30f3\u7248<\/span><\/span><\/p>\n<div class=\"arealink2\">\n<div class=\"al-c\">\u30bb\u30c3\u30c8\u30a2\u30c3\u30d7\u30d5\u30a1\u30a4\u30eb\u30fb\u30c0\u30a6\u30f3\u30ed\u30fc\u30c9<\/div>\n<\/div>\n<h3>\u30d1\u30b9\u30ef\u30fc\u30c9\u306e\u5165\u529b<\/h3>\n<p>\u30a4\u30f3\u30b9\u30c8\u30fc\u30eb\u5f8c\uff12\u9031\u9593\u52d5\u4f5c\u3057\u307e\u3059\u3002\u305f\u3060\u3057\u5f0a\u793e\u306e\u767a\u884c\u3059\u308b\u30d1\u30b9\u30ef\u30fc\u30c9\u3092\u5165\u529b\u3059\u308b\u3053\u3068\u3067\u6052\u4e45\u7684\u306b\u52d5\u4f5c\u3059\u308b\u306e\u3067\u305d\u306e\u51e6\u7406\u3092\u884c\u3063\u3066\u4e0b\u3055\u3044\u3002<br \/>\n\u30a4\u30f3\u30b9\u30c8\u30fc\u30eb\u6642\u306b\u300c\u8a8d\u8a3c\u8a2d\u5b9a\u300d\u306e\u9805\u76ee\u304c\u3042\u308a\u3001\u3053\u308c\u3092\u9032\u3081\u308b\u3068\u300c\u30d1\u30b9\u30ef\u30fc\u30c9\u5909\u66f4\u753b\u9762\u300d\u3092\u8868\u793a\u3057\u307e\u3059\u3002\u3053\u3053\u306b\u8a18\u8f09\u3057\u3066\u3044\u308b\u300c\u8acb\u6c42\u30b3\u30fc\u30c9\u300d\u3092\u5f0a\u793e\u306bTEL\u3001FAX\u3001\u30e1\u30fc\u30eb\u3001\u554f\u3044\u5408\u308f\u305b\u6b04\u7b49\u3092\u7528\u3044\u3066\u4f1d\u3048\u3066\u4e0b\u3055\u3044\u3002<br \/>\n\u300c\u8acb\u6c42\u30b3\u30fc\u30c9\u300d\u306b\u5bfe\u5fdc\u3057\u305f\u30d1\u30b9\u30ef\u30fc\u30c9\u3092\u8fd4\u3057\u307e\u3059\u306e\u3067\u300c\u30d1\u30b9\u30ef\u30fc\u30c9\u5909\u66f4\u753b\u9762\u300d\u306e\u30d1\u30b9\u30ef\u30fc\u30c9\u6b04\u306b\u5165\u529b\u3059\u308c\u3070\u5b8c\u4e86\u3067\u3059\u3002\u306a\u304a\u3001\u30d1\u30b9\u30ef\u30fc\u30c9\u306e\u767a\u884c\u306b\u4fc2\u308f\u308b\u8cbb\u7528\u304c\u767a\u751f\u3059\u308b\u3053\u3068\u306f\u3042\u308a\u307e\u305b\u3093\u3002<br \/>\n\u30a4\u30f3\u30b9\u30c8\u30fc\u30eb\u65b9\u6cd5\u306b\u3064\u304d\u307e\u3057\u3066\u306f\u300c\u30b5\u30dd\u30fc\u30c8\u300d\u30bf\u30b0\u306e\u30a4\u30f3\u30b9\u30c8\u30fc\u30eb\u624b\u9806\u3092\u53c2\u7167\u304f\u3060\u3055\u3044\u3002<\/p>\n<h3>\u52d5\u4f5c\u74b0\u5883<\/h3>\n<p>Kami\u6280 \u88fd\u54c1\u306f\u4ee5\u4e0b\u306e\u74b0\u5883\u3067\u52d5\u4f5c\u3057\u307e\u3059\u3002\u30b5\u30fc\u30d0\u30fcPC\u306e\u307fProfessional\u88fd\u54c1\u304c\u5fc5\u8981\u306b\u306a\u308a\u307e\u3059\u3002<\/p>\n<table>\n<tbody>\n<tr>\n<th><\/th>\n<th>\u30b5\u30fc\u30d0\u30fc(\u7d44\u7e54\u5411)<\/th>\n<th>\uff78\uff97\uff72\uff71\uff9d\uff84(\u7d44\u7e54\u5411)<\/th>\n<th>\uff7d\uff80\uff9d\uff84\uff9e\uff71\uff9b\uff9d(\u500b\u4eba\u5411)<\/th>\n<\/tr>\n<tr>\n<th>OS<\/th>\n<td><strong>Windows 11<\/strong>\uff0832bit\/64bit\uff09<br \/>\nPro<br \/>\n<strong>Windows 10<\/strong>\uff0832bit\/64bit\uff09<br \/>\nPro<br \/>\n<strong>Windows 8 \/ 8.1<\/strong>\uff0832bit\/64bit\uff09<br \/>\n8 Pro\u30018.1 Pro<\/td>\n<td colspan=\"2\"><strong>Windows 11<\/strong>\uff0832bit\/64bit\uff09<br \/>\nPro\u3001Home<br \/>\n<strong>Windows 10<\/strong>\uff0832bit\/64bit\uff09<br \/>\nPro\u3001Home<br \/>\n<strong>Windows 8 \/ 8.1<\/strong>\uff0832bit\/64bit\uff09<br \/>\n8 Pro\u30018.1 Pro\u30018\u30018.1<\/td>\n<\/tr>\n<tr>\n<th>CPU<\/th>\n<td>Intel 2.0GHz\u4ee5\u4e0a<\/td>\n<td>Intel 1.0GHz\u4ee5\u4e0a<\/td>\n<td>Intel 2.0GHz\u4ee5\u4e0a<\/td>\n<\/tr>\n<tr>\n<th>\u30e1\u30e2\u30ea<\/th>\n<td>2.0GB\u4ee5\u4e0a<\/td>\n<td>1.0GB\u4ee5\u4e0a<\/td>\n<td>2.0GB\u4ee5\u4e0a<\/td>\n<\/tr>\n<tr>\n<th rowspan=\"2\">\u30c7\u30a3\u30b9\u30af<br \/>\n\u7a7a\u304d\u5bb9\u91cf<\/th>\n<td>5.0GB\u4ee5\u4e0a<\/td>\n<td>5.5GB\u4ee5\u4e0a<\/td>\n<td>5.5GB\u4ee5\u4e0a<\/td>\n<\/tr>\n<tr>\n<td colspan=\"3\">\u203b\u5225\u9014\u30c7\u30fc\u30bf\u3092\u4fdd\u5b58\u3059\u308b\u305f\u3081\u306e\u7a7a\u304d\u5bb9\u91cf\u304c\u5fc5\u8981\u3067\u3059<\/td>\n<\/tr>\n<tr>\n<th>\u753b\u9762\u89e3\u50cf\u5ea6<\/th>\n<td colspan=\"3\">1024\u00d7768\u30c9\u30c3\u30c8\uff08SVGA\uff09\u4ee5\u4e0a<\/td>\n<\/tr>\n<tr>\n<th>\u30d7\u30ea\u30f3\u30bf<\/th>\n<td colspan=\"3\">\u4e0a\u8a18OS\u306b\u5bfe\u5fdc\u306e\u30d7\u30ea\u30f3\u30bf<\/td>\n<\/tr>\n<tr>\n<th>\u30b9\u30ad\u30e3\u30ca<\/th>\n<td colspan=\"3\">\u4e0a\u8a18OS\u306b\u5bfe\u5fdc\u3057\u3066\u3044\u308bTWAIN\u30c9\u30e9\u30a4\u30d0\u642d\u8f09\u30b9\u30ad\u30e3\u30ca<\/td>\n<\/tr>\n<\/tbody>\n<\/table>\n<p>\u203b Kami\u6280\u306b\u306f\u672c\u68da\u30c7\u30fc\u30bf\u3092\u5916\u90e8\u30e1\u30c7\u30a3\u30a2\u306b\u81ea\u52d5\u30d0\u30c3\u30af\u30a2\u30c3\u30d7\u3059\u308b\u6a5f\u80fd\u304c\u3042\u308a\u307e\u3059\u306e\u3067\u3001\u4e0a\u8a18\u4ee5\u5916\u306b\u30d0\u30c3\u30af\u30a2\u30c3\u30d7\u7528\u3068\u3057\u3066\u5916\u4ed8\u3051HD\u3092\u3054\u7528\u610f\u304f\u3060\u3055\u3044\u3002<\/p>\n","protected":false},"excerpt":{"rendered":"<p>kami\u6280\u306e\u30c0\u30a6\u30f3\u30ed\u30fc\u30c9\u306b\u3064\u3044\u3066 Kami\u6280\u8a66\u7528\u7248\u306e\u30c0\u30a6\u30f3\u30ed\u30fc\u30c9\u304c\u53ef\u80fd\u3067\u3059\u306e\u3067\u662f\u975e\u304a\u8a66\u3057\u304f\u3060\u3055\u3044\u3002 \u3053\u3053\u3067\u306f\u30af\u30e9\u30a4\u30a2\u30f3\u30c8\u30fb\u30b5\u30fc\u30d0\u30fc\u7248\uff08\u30cd\u30c3\u30c8\u30ef\u30fc\u30af\u74b0\u5883\u3067\u52d5\u4f5c\uff09\u3068\u30b9\u30bf\u30f3\u30c9\u30a2\u30ed\u30f3\u7248\uff08\u5358\u4f53\u3067\u52d5\u4f5c\uff09\u306e\u8aac\u660e\u3068\u3001\u53e4\u3044\u30d1\u30bd\u30b3\u30f3\u3067\u306e\u52d5\u4f5c [&hellip;]<\/p>\n","protected":false},"author":3,"featured_media":0,"parent":0,"menu_order":0,"comment_status":"closed","ping_status":"closed","template":"","meta":{"footnotes":""},"tags":[],"class_list":["post-1064","page","type-page","status-publish"],"aioseo_notices":[],"_links":{"self":[{"href":"http:\/\/kami-waza.co.jp\/index.php?rest_route=\/wp\/v2\/pages\/1064"}],"collection":[{"href":"http:\/\/kami-waza.co.jp\/index.php?rest_route=\/wp\/v2\/pages"}],"about":[{"href":"http:\/\/kami-waza.co.jp\/index.php?rest_route=\/wp\/v2\/types\/page"}],"author":[{"embeddable":true,"href":"http:\/\/kami-waza.co.jp\/index.php?rest_route=\/wp\/v2\/users\/3"}],"replies":[{"embeddable":true,"href":"http:\/\/kami-waza.co.jp\/index.php?rest_route=%2Fwp%2Fv2%2Fcomments&post=1064"}],"version-history":[{"count":140,"href":"http:\/\/kami-waza.co.jp\/index.php?rest_route=\/wp\/v2\/pages\/1064\/revisions"}],"predecessor-version":[{"id":3360,"href":"http:\/\/kami-waza.co.jp\/index.php?rest_route=\/wp\/v2\/pages\/1064\/revisions\/3360"}],"wp:attachment":[{"href":"http:\/\/kami-waza.co.jp\/index.php?rest_route=%2Fwp%2Fv2%2Fmedia&parent=1064"}],"wp:term":[{"taxonomy":"post_tag","embeddable":true,"href":"http:\/\/kami-waza.co.jp\/index.php?rest_route=%2Fwp%2Fv2%2Ftags&post=1064"}],"curies":[{"name":"wp","href":"https:\/\/api.w.org\/{rel}","templated":true}]}}