{"id":20,"date":"2018-01-12T11:30:14","date_gmt":"2018-01-12T02:30:14","guid":{"rendered":"http:\/\/kami-waza.co.jp\/?page_id=20"},"modified":"2024-03-12T17:21:15","modified_gmt":"2024-03-12T08:21:15","slug":"%e3%82%b5%e3%83%9d%e3%83%bc%e3%83%88%e6%83%85%e5%a0%b1","status":"publish","type":"page","link":"http:\/\/kami-waza.co.jp\/?page_id=20","title":{"rendered":"\u30b5\u30dd\u30fc\u30c8\u60c5\u5831"},"content":{"rendered":"<p><img loading=\"lazy\" decoding=\"async\" src=\"http:\/\/kami-waza.co.jp\/wordpress\/wp-content\/uploads\/2024\/03\/2024_3_12-Kami\u6280HP\u30c8\u30c3\u30d7\u753b.jpg\" alt=\"\" width=\"760\" height=\"164\" class=\"alignleft size-full wp-image-3309\" srcset=\"http:\/\/kami-waza.co.jp\/wordpress\/wp-content\/uploads\/2024\/03\/2024_3_12-Kami\u6280HP\u30c8\u30c3\u30d7\u753b.jpg 760w, http:\/\/kami-waza.co.jp\/wordpress\/wp-content\/uploads\/2024\/03\/2024_3_12-Kami\u6280HP\u30c8\u30c3\u30d7\u753b-300x65.jpg 300w\" sizes=\"(max-width: 760px) 100vw, 760px\" \/><\/p>\n<h3>\u30b5\u30dd\u30fc\u30c8\u30bb\u30f3\u30bf\u30fc<\/h3>\n<p>\u3000<br \/>\n<span class=\"black b\"><span class=\"f12em\">\u8b1b\u6f14\u5f62\u5f0f\u306e\u30bb\u30df\u30ca\u30fc\u4f9d\u983c<\/span><\/span> \u3084\u3054\u8cea\u554f\u7b49\u3054\u3056\u3044\u307e\u3057\u305f\u3089\u3001\u4ee5\u4e0b\u307e\u3067\u3054\u9023\u7d61\u4e0b\u3055\u3044\u3002<br \/>\n<span class=\"f12em\">TEL:055-285-5236\u3000FAX\u3000055-285-6656<\/span> (\u571f\u66dc\u796d\u65e5\u3092\u9664\u304f 9:30\uff5e12:00 13:00\uff5e18:00)\u3000<br \/>\n\u304a\u554f\u3044\u5408\u308f\u305b\u30d5\u30a9\u30fc\u30e0\u304b\u3089\u306e\u554f\u3044\u5408\u308f\u305b\u306f\u3000<a href=\"http:\/\/kami-waza.co.jp\/?page_id=24\" rel=\"noopener\" target=\"_blank\">\u3053\u3061\u3089<\/a><\/p>\n<p>\u4e8b\u696d\u8005\u6bce\u306e\u6709\u6599\u30bb\u30df\u30ca\u30fc\u306e\u3054\u8cfc\u5165\u306f\u3000<a href=\"http:\/\/www.westfield.co.jp\/3_36.html\" rel=\"noopener\" target=\"_blank\">\u3053\u3061\u3089<\/a><br \/>\n\u30bb\u30c3\u30c8\u30a2\u30c3\u30d7\u3092\u4f9d\u983c\u3057\u305f\u3044\u65b9\u306e\u305f\u3081\u306e\u30ea\u30e2\u30fc\u30c8\u306b\u3088\u308b\u6709\u6599\u30bb\u30c3\u30c8\u30a2\u30c3\u30d7\u306e\u3054\u8cfc\u5165\u306f\u3000<a href=\"http:\/\/www.westfield.co.jp\/3_38.html\" rel=\"noopener\" target=\"_blank\">\u3053\u3061\u3089<\/a><\/p>\n<h3>\u30b5\u30dd\u30fc\u30c8\u60c5\u5831<\/h3>\n<h5>\u30bb\u30c3\u30c8\u30a2\u30c3\u30d7\u30d5\u30a1\u30a4\u30eb\u306e\u7528\u610f<\/h5>\n<p>\u3000\u30c0\u30a6\u30f3\u30ed\u30fc\u30c9\u30da\u30fc\u30b8\u3088\u308a Kami\u6280\u8a66\u7528\u7248 \u306e\u30bb\u30c3\u30c8\u30a2\u30c3\u30d7\u30d5\u30a1\u30a4\u30eb\u3092\u7528\u610f\u3057\u3066\u4e0b\u3055\u3044\u3002<br \/>\n\u3000Windows 7 \u4ee5\u524d\u306e\u30d1\u30bd\u30b3\u30f3\u306b\u30a4\u30f3\u30b9\u30c8\u30fc\u30eb\u3059\u308b\u5834\u5408\u306f SQL Server \u3082\u7528\u610f\u3057\u3066\u4e0b\u3055\u3044\u3002<\/p>\n<h5>Kami\u6280\u306e\u30a4\u30f3\u30b9\u30c8\u30fc\u30eb<\/h5>\n<p>\u3000\u30b9\u30bf\u30f3\u30c9\u30a2\u30ed\u30f3\u7248 <a href=\"http:\/\/kami-waza.co.jp\/?page_id=2237\">\u30a4\u30f3\u30b9\u30c8\u30fc\u30eb\u624b\u9806<\/a><br \/>\n\u3000\u30af\u30e9\u30a4\u30a2\u30f3\u30c8\u30fb\u30b5\u30fc\u30d0\u30fc\u7248 <a href=\"http:\/\/kami-waza.co.jp\/?page_id=2239\">\u30a4\u30f3\u30b9\u30c8\u30fc\u30eb\u624b\u9806<\/a><\/p>\n<h5>\u30b5\u30fc\u30d0\u30fc\u3068\u30af\u30e9\u30a4\u30a2\u30f3\u30c8\u30d1\u30bd\u30b3\u30f3\u306e\u63a5\u7d9a\u8a2d\u5b9a<\/h5>\n<p>\u3000\u30af\u30e9\u30a4\u30a2\u30f3\u30c8\u30fb\u30b5\u30fc\u30d0\u30fc\u7248\u306e\u307f\u3001\u30b5\u30fc\u30d0\u30fcPC\u3068\u30af\u30e9\u30a4\u30a2\u30f3\u30c8PC\u3092\u63a5\u7d9a\u3059\u308b\u305f\u3081\u306b\u3001\u4ee5\u4e0b\u306e\u8a2d\u5b9a\u304c\u5fc5\u8981\u306b\u306a\u308a\u307e\u3059\u3002\u306a\u304a\u3001\u30cd\u30c3\u30c8\u30ef\u30fc\u30af\u74b0\u5883\u4e0b\u3067\u5171\u6709\u30d5\u30a9\u30eb\u30c0\u3092\u5229\u7528\u3067\u304d\u308b\u74b0\u5883\u3067\u8a2d\u5b9a\u3057\u3066\u4e0b\u3055\u3044\u3002<br \/>\n<img loading=\"lazy\" decoding=\"async\" src=\"http:\/\/kami-waza.co.jp\/wordpress\/wp-content\/uploads\/2022\/01\/\u5973\u6027.jpg\" alt=\"\" width=\"300\" height=\"211\" class=\"alignleft size-full wp-image-2560\" \/><br \/>\n<span class=\"black b\">\u30b5\u30fc\u30d0\u30fcPC\u306e\u8a2d\u5b9a\u3067\u3059<\/span><br \/>\n\u3000\u3000\u3000\u3000\u3000\u3000\u3000<a href=\"http:\/\/kami-waza.co.jp\/?page_id=2614&#038;preview\">\u5206\u6563COM\u306e\u8a2d\u5b9a<\/a><br \/>\n\u3000\u3000\u3000\u3000\u3000\u3000\u3000<a href=\"http:\/\/kami-waza.co.jp\/?page_id=2634&#038;preview\">\u30d5\u30a1\u30a4\u30a2\u30fc\u30a6\u30a9\u30fc\u30eb\u306e\u8a2d\u5b9a<\/a><br \/>\n\u3000\u3000\u3000\u3000\u3000\u3000\u3000<a href=\"http:\/\/kami-waza.co.jp\/?page_id=2668&#038;preview\">\u30a6\u30a4\u30eb\u30b9\u5bfe\u7b56\u30bd\u30d5\u30c8\u306e\u8a2d\u5b9a<\/a><br \/>\n<span class=\"black b\">\u30af\u30e9\u30a4\u30a2\u30f3\u30c8PC\u306e\u8a2d\u5b9a\u3067\u3059<\/span><br \/>\n\u3000\u3000\u3000\u3000\u3000\u3000\u3000<a href=\"http:\/\/kami-waza.co.jp\/?page_id=2617&#038;preview_id=2617\">Windows\u8cc7\u683c\u60c5\u5831\u306e\u8ffd\u52a0<\/a>\u3000<\/p>\n<p><\/&#038;nbsp><\/p>\n<h5>\u88fd\u54c1\u8aac\u660e<\/h5>\n<table class=\"temp1\" style=\"border:none;\">\n<tbody>\n<tr>\n<td style=\"border:none;\">\n<ol>\n<li><a title=\"\u30b7\u30b9\u30c6\u30e0\" href=\".\/?page_id=457\">\u6700\u521d\u306b\u304a\u8aad\u307f\u4e0b\u3055\u3044\uff08\u4f7f\u3044\u65b9\uff09<\/a><\/li>\n<li><a title=\"\u30b7\u30b9\u30c6\u30e0\" href=\".\/?page_id=180\">\u52b9\u679c\u3092\u4e0a\u3052\u308b\u305f\u3081\u306e\u904b\u7528\u30a2\u30c9\u30d0\u30a4\u30b9<\/a><\/li>\n<\/ol>\n<\/td>\n<td style=\"border:none;\">\n<ol start=\"3\">\n<li><a title=\"\u88fd\u54c1\u8aac\u660e\" href=\".\/?page_id=2541\">\u958b\u767a\u3053\u307c\u308c\u8a71<\/a><\/li>\n<li><a title=\"\u88fd\u54c1\u8aac\u660e\" href=\".\/?page_id=2515\">\u6a5f\u80fd\u4e00\u89a7<a><\/li>\n<\/ol>\n<\/td>\n<\/tr>\n<\/tbody>\n<\/table>\n<h5>\u30d0\u30fc\u30b8\u30e7\u30f3\u30a2\u30c3\u30d7\u65b9\u6cd5<\/h5>\n<p>\u3000\u6a5f\u80fd\u6539\u826f\u3084\u65b0OS\u306b\u5bfe\u5fdc\u3059\u308b\u5834\u5408\u306a\u3069\u65b0\u3057\u3044\u30d0\u30fc\u30b8\u30e7\u30f3\u3092\u30ea\u30ea\u30fc\u30b9\u3057\u3066\u3044\u307e\u3059\u3002<br \/>\n\u3000\u3053\u3061\u3089\u3088\u308a\u65b0Ver\u3092\u78ba\u8a8d\u3057\u3066\u30c0\u30a6\u30f3\u30ed\u30fc\u30c9\u3057\u3066\u4e0b\u3055\u3044\u3002<br \/>\n<img loading=\"lazy\" decoding=\"async\" src=\"http:\/\/kami-waza.co.jp\/wordpress\/wp-content\/uploads\/2022\/01\/Kami\u6280\u30c8\u30c3\u30d7.jpg\" alt=\"\" width=\"300\" height=\"211\" class=\"alignleft size-full wp-image-2356\" \/><br \/>\n\u203b\u30d0\u30fc\u30b8\u30e7\u30f3\u306e\u898b\u65b9<br \/>\n<\/&#038;nbsp><br \/>\n\u3000\u30aa\u30fc\u30d7\u30cb\u30f3\u30b0\u753b\u9762\u306e\u5de6\u4e0b\u306bVersion \u00d7.\u00d7\u00d7\u3068\u8868\u793a\u3057\u307e\u3059\u3002<br \/>\n\u3000\u73fe\u5728\u306e\u30d0\u30fc\u30b8\u30e7\u30f3\u306f <a href=\"http:\/\/kami-waza.co.jp\/?page_id=22\" rel=\"noopener\" target=\"_blank\">\u3053\u3061\u3089<\/a> \u3067\u3059\u3002<\/p>\n<p>\u3000\u30d0\u30fc\u30b8\u30e7\u30f3\u30a2\u30c3\u30d7\u30d5\u30a1\u30a4\u30eb\u306e\u30c0\u30a6\u30f3\u30ed\u30fc\u30c9<br \/>\n<\/&#038;nbsp><br \/>\n<\/&#038;nbsp><br \/>\n<a href=\"http:\/\/kami-waza.co.jp\/?page_id=2801\">Kami\u6280\u30af\u30e9\u30a4\u30a2\u30f3\u30c8\u30b5\u30fc\u30d0\u30fc\u30d0\u30fc\u30b8\u30e7\u30f3\u30a2\u30c3\u30d7\u306f\u3053\u3061\u3089<\/a><br \/>\n<a href=\"http:\/\/kami-waza.co.jp\/?page_id=2798\">Kami\u6280\u30b9\u30bf\u30f3\u30c9\u30a2\u30ed\u30f3\u30d0\u30fc\u30b8\u30e7\u30f3\u30a2\u30c3\u30d7\u306f\u3053\u3061\u3089<\/a><br \/>\n<\/&#038;nbsp><\/p>\n<p>\u3000<\/p>\n","protected":false},"excerpt":{"rendered":"<p>\u30b5\u30dd\u30fc\u30c8\u30bb\u30f3\u30bf\u30fc \u3000 \u8b1b\u6f14\u5f62\u5f0f\u306e\u30bb\u30df\u30ca\u30fc\u4f9d\u983c \u3084\u3054\u8cea\u554f\u7b49\u3054\u3056\u3044\u307e\u3057\u305f\u3089\u3001\u4ee5\u4e0b\u307e\u3067\u3054\u9023\u7d61\u4e0b\u3055\u3044\u3002 TEL:055-285-5236\u3000FAX\u3000055-285-6656 (\u571f\u66dc\u796d\u65e5\u3092\u9664\u304f 9:30\uff5e12:00 13:00\uff5e18 [&hellip;]<\/p>\n","protected":false},"author":3,"featured_media":0,"parent":0,"menu_order":8,"comment_status":"closed","ping_status":"closed","template":"","meta":{"footnotes":""},"tags":[],"class_list":["post-20","page","type-page","status-publish"],"aioseo_notices":[],"_links":{"self":[{"href":"http:\/\/kami-waza.co.jp\/index.php?rest_route=\/wp\/v2\/pages\/20"}],"collection":[{"href":"http:\/\/kami-waza.co.jp\/index.php?rest_route=\/wp\/v2\/pages"}],"about":[{"href":"http:\/\/kami-waza.co.jp\/index.php?rest_route=\/wp\/v2\/types\/page"}],"author":[{"embeddable":true,"href":"http:\/\/kami-waza.co.jp\/index.php?rest_route=\/wp\/v2\/users\/3"}],"replies":[{"embeddable":true,"href":"http:\/\/kami-waza.co.jp\/index.php?rest_route=%2Fwp%2Fv2%2Fcomments&post=20"}],"version-history":[{"count":77,"href":"http:\/\/kami-waza.co.jp\/index.php?rest_route=\/wp\/v2\/pages\/20\/revisions"}],"predecessor-version":[{"id":3321,"href":"http:\/\/kami-waza.co.jp\/index.php?rest_route=\/wp\/v2\/pages\/20\/revisions\/3321"}],"wp:attachment":[{"href":"http:\/\/kami-waza.co.jp\/index.php?rest_route=%2Fwp%2Fv2%2Fmedia&parent=20"}],"wp:term":[{"taxonomy":"post_tag","embeddable":true,"href":"http:\/\/kami-waza.co.jp\/index.php?rest_route=%2Fwp%2Fv2%2Ftags&post=20"}],"curies":[{"name":"wp","href":"https:\/\/api.w.org\/{rel}","templated":true}]}}